{"id":107,"date":"2021-03-15T13:44:13","date_gmt":"2021-03-15T13:44:13","guid":{"rendered":"http:\/\/dombudlapalice.pl\/?page_id=107"},"modified":"2021-03-15T13:44:13","modified_gmt":"2021-03-15T13:44:13","slug":"srodki-ochrony-roslin","status":"publish","type":"page","link":"https:\/\/dombudlapalice.pl\/index.php\/srodki-ochrony-roslin\/","title":{"rendered":"\u015arodki Ochrony Ro\u015blin"},"content":{"rendered":"<ul>\n<li style=\"text-align: left;\">bogata oferta \u015aOR dla rolnik\u00f3w profesjonalnych (<strong>ochrona owoc\u00f3w mi\u0119kkich<\/strong>, zb\u00f3\u017c, ziemniak\u00f3w, kukurydzy)\u00a0<\/li>\n<li>amatorskie \u015aOR do ochrony ro\u015blin w domu i ogrodzie<\/li>\n<li><strong>atrakcyjne ceny<\/strong><\/li>\n<li>pomoc w doborze \u015aOR<\/li>\n<\/ul>\n\n\n<figure class=\"wp-block-image size-large is-resized is-style-default\"><img loading=\"lazy\" decoding=\"async\" src=\"https:\/\/dombudlapalice.pl\/wp-content\/uploads\/2021\/03\/5a-1024x256.jpg\" alt=\"\" class=\"wp-image-63\" width=\"840\" height=\"210\" srcset=\"https:\/\/dombudlapalice.pl\/wp-content\/uploads\/2021\/03\/5a-1024x256.jpg 1024w, https:\/\/dombudlapalice.pl\/wp-content\/uploads\/2021\/03\/5a-300x75.jpg 300w, https:\/\/dombudlapalice.pl\/wp-content\/uploads\/2021\/03\/5a-768x192.jpg 768w, https:\/\/dombudlapalice.pl\/wp-content\/uploads\/2021\/03\/5a-400x100.jpg 400w, https:\/\/dombudlapalice.pl\/wp-content\/uploads\/2021\/03\/5a-800x200.jpg 800w, https:\/\/dombudlapalice.pl\/wp-content\/uploads\/2021\/03\/5a.jpg 1500w\" sizes=\"auto, (max-width: 840px) 100vw, 840px\" \/><\/figure>\n\n\n\n<blockquote class=\"wp-block-quote has-text-align-center is-layout-flow wp-block-quote-is-layout-flow\"><p><img loading=\"lazy\" decoding=\"async\" width=\"39\" height=\"39\" class=\"wp-image-74\" style=\"width: 39px;\" src=\"https:\/\/dombudlapalice.pl\/wp-content\/uploads\/2021\/03\/telefon.gif\" alt=\"\">        <strong><span style=\"color:#a30028\" class=\"has-inline-color\"> 691 191 777,       58 694 60 80<\/span><\/strong><\/p><p><span style=\"color: inherit;\"><\/span><\/p><\/blockquote>\n\n\n\n<p><\/p>\n","protected":false},"excerpt":{"rendered":"<p>bogata oferta \u015aOR dla rolnik\u00f3w profesjonalnych (ochrona owoc\u00f3w mi\u0119kkich, zb\u00f3\u017c, ziemniak\u00f3w, kukurydzy)\u00a0 amatorskie \u015aOR do ochrony ro\u015blin w domu i ogrodzie atrakcyjne ceny pomoc w doborze \u015aOR 691 191 777, 58 694 60 80<\/p>\n","protected":false},"author":1,"featured_media":0,"parent":0,"menu_order":0,"comment_status":"closed","ping_status":"closed","template":"","meta":{"footnotes":""},"class_list":["post-107","page","type-page","status-publish","hentry","missing-thumbnail"],"_links":{"self":[{"href":"https:\/\/dombudlapalice.pl\/index.php\/wp-json\/wp\/v2\/pages\/107","targetHints":{"allow":["GET"]}}],"collection":[{"href":"https:\/\/dombudlapalice.pl\/index.php\/wp-json\/wp\/v2\/pages"}],"about":[{"href":"https:\/\/dombudlapalice.pl\/index.php\/wp-json\/wp\/v2\/types\/page"}],"author":[{"embeddable":true,"href":"https:\/\/dombudlapalice.pl\/index.php\/wp-json\/wp\/v2\/users\/1"}],"replies":[{"embeddable":true,"href":"https:\/\/dombudlapalice.pl\/index.php\/wp-json\/wp\/v2\/comments?post=107"}],"version-history":[{"count":2,"href":"https:\/\/dombudlapalice.pl\/index.php\/wp-json\/wp\/v2\/pages\/107\/revisions"}],"predecessor-version":[{"id":162,"href":"https:\/\/dombudlapalice.pl\/index.php\/wp-json\/wp\/v2\/pages\/107\/revisions\/162"}],"wp:attachment":[{"href":"https:\/\/dombudlapalice.pl\/index.php\/wp-json\/wp\/v2\/media?parent=107"}],"curies":[{"name":"wp","href":"https:\/\/api.w.org\/{rel}","templated":true}]}}