{"id":31,"date":"2021-03-15T11:31:14","date_gmt":"2021-03-15T11:31:14","guid":{"rendered":"http:\/\/dombudlapalice.pl\/?page_id=31"},"modified":"2024-12-13T08:31:26","modified_gmt":"2024-12-13T08:31:26","slug":"kontakt","status":"publish","type":"page","link":"https:\/\/dombudlapalice.pl\/index.php\/kontakt\/","title":{"rendered":"Kontakt"},"content":{"rendered":"\n<p>FUH &#8222;DOMBUD&#8221; Pryczkowski Sp.j.<\/p>\n\n\n\n<p>ul. Kartuska 10<\/p>\n\n\n\n<p>83-300 \u0141apalice<\/p>\n\n\n\n<div class=\"wp-block-columns is-layout-flex wp-container-core-columns-is-layout-9d6595d7 wp-block-columns-is-layout-flex\">\n<div class=\"wp-block-column is-layout-flow wp-block-column-is-layout-flow\">\n<p><mark style=\"background-color:rgba(0, 0, 0, 0);color:#0700a3\" class=\"has-inline-color\">kontakt@dombudlapalice.pl<\/mark><\/p>\n<\/div>\n\n\n\n<div class=\"wp-block-column is-layout-flow wp-block-column-is-layout-flow\">\n<div class=\"wp-block-columns is-layout-flex wp-container-core-columns-is-layout-9d6595d7 wp-block-columns-is-layout-flex\">\n<div class=\"wp-block-column is-layout-flow wp-block-column-is-layout-flow\">\n<p>58 694 60 80 &#8211; w\u0119giel <strong>worki,<\/strong> nawozy, <strong>\u015aOR<\/strong>, <strong>budowlanka, pozosta\u0142e<\/strong><\/p>\n\n\n\n<p>58 691 12 77 &#8211; w\u0119giel luz, nawozy<\/p>\n\n\n\n<p>691 463 777 &#8211; w\u0119giel luz, nawozy <\/p>\n<\/div>\n<\/div>\n<\/div>\n<\/div>\n\n\n\n<p><\/p>\n","protected":false},"excerpt":{"rendered":"<p>FUH &#8222;DOMBUD&#8221; Pryczkowski Sp.j. ul. Kartuska 10 83-300 \u0141apalice kontakt@dombudlapalice.pl 58 694 60 80 &#8211; w\u0119giel worki, nawozy, \u015aOR, budowlanka, pozosta\u0142e 58 691 12 77 &#8211; w\u0119giel luz, nawozy 691 463 777 &#8211; w\u0119giel luz, nawozy<\/p>\n","protected":false},"author":1,"featured_media":0,"parent":0,"menu_order":0,"comment_status":"closed","ping_status":"closed","template":"","meta":{"footnotes":""},"class_list":["post-31","page","type-page","status-publish","hentry","missing-thumbnail"],"_links":{"self":[{"href":"https:\/\/dombudlapalice.pl\/index.php\/wp-json\/wp\/v2\/pages\/31","targetHints":{"allow":["GET"]}}],"collection":[{"href":"https:\/\/dombudlapalice.pl\/index.php\/wp-json\/wp\/v2\/pages"}],"about":[{"href":"https:\/\/dombudlapalice.pl\/index.php\/wp-json\/wp\/v2\/types\/page"}],"author":[{"embeddable":true,"href":"https:\/\/dombudlapalice.pl\/index.php\/wp-json\/wp\/v2\/users\/1"}],"replies":[{"embeddable":true,"href":"https:\/\/dombudlapalice.pl\/index.php\/wp-json\/wp\/v2\/comments?post=31"}],"version-history":[{"count":5,"href":"https:\/\/dombudlapalice.pl\/index.php\/wp-json\/wp\/v2\/pages\/31\/revisions"}],"predecessor-version":[{"id":545,"href":"https:\/\/dombudlapalice.pl\/index.php\/wp-json\/wp\/v2\/pages\/31\/revisions\/545"}],"wp:attachment":[{"href":"https:\/\/dombudlapalice.pl\/index.php\/wp-json\/wp\/v2\/media?parent=31"}],"curies":[{"name":"wp","href":"https:\/\/api.w.org\/{rel}","templated":true}]}}