{"id":442,"date":"2022-09-05T11:53:55","date_gmt":"2022-09-05T11:53:55","guid":{"rendered":"https:\/\/dombudlapalice.pl\/?page_id=442"},"modified":"2024-03-06T10:18:13","modified_gmt":"2024-03-06T10:18:13","slug":"kdw-pgg-s-a","status":"publish","type":"page","link":"https:\/\/dombudlapalice.pl\/index.php\/kdw-pgg-s-a\/","title":{"rendered":"KDW PGG S.A."},"content":{"rendered":"\n<p><\/p>\n\n\n\n<p><span style=\"text-decoration: underline;\">Kwalifikowany Dostawca W\u0119gla (KDW)<\/span> = punkt odbioru w\u0119gla zakupionego w PGG S.A. przez:<\/p>\n\n\n\n<ul class=\"wp-block-list\"><li>stron\u0119 <a href=\"https:\/\/sklep.pgg.pl\" data-type=\"URL\" data-id=\"https:\/\/sklep.pgg.pl\" target=\"_blank\" rel=\"noreferrer noopener\">www.sklep.pgg.pl<\/a><\/li><\/ul>\n\n\n\n<p><mark style=\"background-color:rgba(0, 0, 0, 0);color:#a32300\" class=\"has-inline-color\"><em><strong><span style=\"text-decoration: underline;\">Nie sprzedajemy w\u0119gla z PGG<\/span> &#8211; mo\u017cna go u nas <span style=\"text-decoration: underline;\">wy\u0142\u0105cznie<\/span> odebra\u0107!<\/strong><\/em><\/mark><\/p>\n\n\n\n<p><strong>W skr\u00f3cie wygl\u0105da to tak:<\/strong><\/p>\n\n\n\n<p class=\"has-text-color has-small-font-size\" style=\"color:#19a300\">1.&nbsp;&nbsp;&nbsp;&nbsp;Kup w\u0119giel luzem w e-sklepie PGG &#8211; zarejestruj si\u0119 a nast\u0119pnie:<\/p>\n\n\n\n<p class=\"has-text-color has-small-font-size\" style=\"color:#19a300\">&#8211;&nbsp;dodaj w\u0119giel do koszyka,<\/p>\n\n\n\n<p class=\"has-text-color has-small-font-size\" style=\"color:#19a300\">&#8211;\u00a0wybierz odbi\u00f3r osobisty z dostaw\u0105 do  najbli\u017cszego KDW; je\u017celi korzystasz z promocji lub rabat\u00f3w zaznacz to na tym etapie; <\/p>\n\n\n\n<p class=\"has-text-color has-small-font-size\" style=\"color:#19a300\">&#8211;\u00a0sfinalizuj i op\u0142a\u0107 zam\u00f3wienie,<\/p>\n\n\n\n<p class=\"has-text-color has-small-font-size\" style=\"color:#19a300\">&#8211;\u00a0w kolejnym dniu roboczym po op\u0142aceniu zam\u00f3wienia (czas na zaksi\u0119gowanie wp\u0142aty) zaloguj si\u0119 ponownie na swoim koncie w sklep.pgg.pl &#8211;<strong> pobierz i potwierd\u017a odbi\u00f3r faktury<\/strong>,<\/p>\n\n\n\n<p class=\"has-text-color has-small-font-size\" style=\"color:#19a300\">&#8211;  po kilku godzinach otrzymasz kod odbioru swojego zam\u00f3wienie; <\/p>\n\n\n\n<p class=\"has-text-color has-small-font-size\" style=\"color:#19a300\">&#8211;&nbsp;odbierz w\u0119giel osobi\u015bcie ze sk\u0142adu lub zam\u00f3w dostaw\u0119 do domu.<\/p>\n\n\n\n<p class=\"has-text-color has-small-font-size\" style=\"color:#19a300\">2.&nbsp;&nbsp;&nbsp;&nbsp;Dodatkowo, je\u015bli chcesz, zle\u0107 KDW, we w\u0142asnym zakresie, inne, dost\u0119pne us\u0142ugi.<\/p>\n\n\n\n<p><\/p>\n\n\n\n<p class=\"has-text-align-left\"><strong>Godziny pracy:       Poniedzia\u0142ek &#8211; Pi\u0105tek  8.00 &#8211; 16.00<\/strong><\/p>\n\n\n\n<p><\/p>\n\n\n\n<p>Kontakt (w godzinach pracy):<\/p>\n\n\n\n<ul class=\"wp-block-list\"><li>691 191 783<\/li><li>691 191 777<\/li><li>58 694 60 80<\/li><\/ul>\n\n\n\n<p>wegiel@dombudlapalice.pl<\/p>\n\n\n\n<p><\/p>\n\n\n\n<p><strong>Zasady odbioru w\u0119gla kupionego w PGG S.A. <\/strong><\/p>\n\n\n\n<ul class=\"wp-block-list\" style=\"font-size:18px\"><li>w\u0119giel wydawany <strong>po weryfikacji danych klienta<\/strong> (na podstawie dowodu osobistego) &#8211; w przypadku odbioru przez osob\u0119 upowa\u017cnion\u0105 weryfikowane s\u0105 dane upowa\u017cnionego <\/li><li>odbi\u00f3r transportem w\u0142asnym klienta osobi\u015bcie lub przez osob\u0119 upowa\u017cnion\u0105 <\/li><li><strong>za\u0142adunek na pojazdy <span style=\"text-decoration: underline;\">tylko do dopuszczalnej \u0142adowno\u015bci <\/span>(zgodnie z dowodem rejestracyjnym)<\/strong><\/li><\/ul>\n\n\n\n<p><\/p>\n\n\n\n<ul class=\"wp-block-list\"><li>mo\u017cliwo\u015b\u0107 zaworkowania odebranego w\u0119gla (po potwierdzeniu odbioru, umawiane indywidualnie) &#8211; 150 z\u0142\/t &#8211; <span style=\"text-decoration: underline;\">kostki nie workujemy!<\/span>, nie workujemy orzecha z Rydu\u0142towych, Ziemowita, Piasta ani Staszica;<\/li><li>mo\u017cliwo\u015b\u0107 dowozu do klienta &#8211; do 10km &#8211; 100z\u0142;  powy\u017cej 10km &#8211; 5 z\u0142\/km (odleg\u0142o\u015b\u0107 liczona wg GoogleMaps w dwie stron)y;<\/li><\/ul>\n\n\n\n<p><\/p>\n\n\n\n<div class=\"wp-block-contact-form-7-contact-form-selector\">[contact-form-7 id=&#8221;458&#8243; title=&#8221;Contact form 1&#8243;]<\/div>\n\n\n\n<p><\/p>\n","protected":false},"excerpt":{"rendered":"<p>Kwalifikowany Dostawca W\u0119gla (KDW) = punkt odbioru w\u0119gla zakupionego w PGG S.A. przez: stron\u0119 www.sklep.pgg.pl Nie sprzedajemy w\u0119gla z PGG &#8211; mo\u017cna go u nas wy\u0142\u0105cznie odebra\u0107! W skr\u00f3cie wygl\u0105da to tak: 1.&nbsp;&nbsp;&nbsp;&nbsp;Kup w\u0119giel luzem w e-sklepie PGG &#8211; zarejestruj si\u0119 a nast\u0119pnie: &#8211;&nbsp;dodaj w\u0119giel do koszyka, &#8211;\u00a0wybierz odbi\u00f3r osobisty z dostaw\u0105 do najbli\u017cszego KDW; [&hellip;]<\/p>\n","protected":false},"author":1,"featured_media":0,"parent":0,"menu_order":0,"comment_status":"closed","ping_status":"closed","template":"","meta":{"footnotes":""},"class_list":["post-442","page","type-page","status-publish","hentry","missing-thumbnail"],"_links":{"self":[{"href":"https:\/\/dombudlapalice.pl\/index.php\/wp-json\/wp\/v2\/pages\/442","targetHints":{"allow":["GET"]}}],"collection":[{"href":"https:\/\/dombudlapalice.pl\/index.php\/wp-json\/wp\/v2\/pages"}],"about":[{"href":"https:\/\/dombudlapalice.pl\/index.php\/wp-json\/wp\/v2\/types\/page"}],"author":[{"embeddable":true,"href":"https:\/\/dombudlapalice.pl\/index.php\/wp-json\/wp\/v2\/users\/1"}],"replies":[{"embeddable":true,"href":"https:\/\/dombudlapalice.pl\/index.php\/wp-json\/wp\/v2\/comments?post=442"}],"version-history":[{"count":40,"href":"https:\/\/dombudlapalice.pl\/index.php\/wp-json\/wp\/v2\/pages\/442\/revisions"}],"predecessor-version":[{"id":542,"href":"https:\/\/dombudlapalice.pl\/index.php\/wp-json\/wp\/v2\/pages\/442\/revisions\/542"}],"wp:attachment":[{"href":"https:\/\/dombudlapalice.pl\/index.php\/wp-json\/wp\/v2\/media?parent=442"}],"curies":[{"name":"wp","href":"https:\/\/api.w.org\/{rel}","templated":true}]}}